{"id":240356,"date":"2020-06-27T15:38:48","date_gmt":"2020-06-27T15:38:48","guid":{"rendered":"https:\/\/juls.ch\/privacy\/"},"modified":"2022-12-03T21:47:33","modified_gmt":"2022-12-03T20:47:33","slug":"privacy","status":"publish","type":"page","link":"https:\/\/juls.ch\/en\/privacy\/","title":{"rendered":"Privacy Policy"},"content":{"rendered":"[et_pb_section fb_built=&#8221;1&#8243; module_class=&#8221;privacy&#8221; _builder_version=&#8221;4.16&#8243; background_color=&#8221;#000000&#8243; global_colors_info=&#8221;{}&#8221;][et_pb_row _builder_version=&#8221;4.16&#8243; background_size=&#8221;initial&#8221; background_position=&#8221;top_left&#8221; background_repeat=&#8221;repeat&#8221; global_colors_info=&#8221;{}&#8221;][et_pb_column type=&#8221;4_4&#8243; _builder_version=&#8221;4.16&#8243; custom_padding=&#8221;|||&#8221; global_colors_info=&#8221;{}&#8221; custom_padding__hover=&#8221;|||&#8221;][et_pb_text _builder_version=&#8221;4.19.2&#8243; _module_preset=&#8221;default&#8221; text_font=&#8221;|600||on|||||&#8221; text_text_color=&#8221;#4D4C4C&#8221; text_font_size=&#8221;38px&#8221; text_letter_spacing=&#8221;2px&#8221; custom_margin=&#8221;25px|0px|25px|0px|true|true&#8221; custom_padding=&#8221;0px|0px|0px|0px|true|true&#8221; mix_blend_mode=&#8221;darken&#8221; global_colors_info=&#8221;{}&#8221;]<p style=\"text-align: center;\"><span style=\"background: -webkit-linear-gradient( left, #da5e18, #f6a361); -webkit-background-clip: text; -webkit-text-fill-color: transparent;\">PRIVACY POLICY<\/span><\/p>[\/et_pb_text][et_pb_text _builder_version=&#8221;4.19.2&#8243; text_font=&#8221;||||||||&#8221; background_size=&#8221;initial&#8221; background_position=&#8221;top_left&#8221; background_repeat=&#8221;repeat&#8221; hover_enabled=&#8221;0&#8243; global_colors_info=&#8221;{}&#8221; link_text_color=&#8221;#ff992a&#8221; sticky_enabled=&#8221;0&#8243;]<p><strong>Personal data protection and privacy policy.<\/strong><\/p>\n<p>Last modification : <strong>December 3rd 2022<em><br \/><\/em><\/strong><\/p>\n<p>Thank you for visiting JULS.ch<\/p>\n<p><strong>The original version of these Personal data protection and privacy policy is only available in French.<\/strong><br \/><strong>Any translation is provided solely for Your convenience and information. In case of dispute, only the French version shall prevail.<\/strong><\/p>\n<p>&nbsp;<\/p>\n<p><strong>1.0 D\u00e9finition de termes &amp; informations<br \/><\/strong><\/p>\n<p>Ce site web est g\u00e9r\u00e9 par JULS<span style=\"font-size: small;\"><sup>\u00ae<\/sup><\/span>, dont l\u2019adresse postale est<\/p>\n<p><strong>JULS<\/strong><span style=\"font-size: small;\"><sup>\u00ae<\/sup><\/span><br \/><strong>Julien Sollberger<br \/>PO Box 452<\/strong><br \/><strong> 1213 Petit-Lancy &#8211; Geneva\u2028, Switzerland<\/strong><\/p>\n<p>d\u00e9sign\u00e9e ci-apr\u00e8s par Nous, Notre, Nos ou JULS<span style=\"font-size: small;\"><sup>\u00ae<\/sup><\/span> .<\/p>\n<p>Les autres termes utilis\u00e9s dans la pr\u00e9sente Politique et qui sont d\u00e9sign\u00e9s par une lettre majuscule sont d\u00e9finis comme suit :<\/p>\n<p>Le terme \u00ab\u00a0Politique\u00a0\u00bb d\u00e9signe la pr\u00e9sente Politique de protection des donn\u00e9es et de la vie priv\u00e9e de JULS<span style=\"font-size: small;\"><sup>\u00ae<\/sup><\/span>.<\/p>\n<p>Le terme \u00ab\u00a0Contenu\/s\u00a0\u00bb d\u00e9signe toutes les informations, les supports d\u2019information, les textes, les donn\u00e9es, les graphismes, les photos,\u00a0 les vid\u00e9os, les sons, les musiques et tout le mat\u00e9riel cr\u00e9\u00e9 par Nous et mis \u00e0 disposition sur ou via ce Site web ainsi que sur toute autre plateforme.<\/p>\n<p>Le terme \u00ab\u00a0Service\/s\u00a0\u00bb d\u00e9signe la totalit\u00e9 du\/des service\/s mis \u00e0 disposition et\/ou fournis par JULS<span style=\"font-size: small;\"><sup>\u00ae<\/sup><\/span> au travers de ce Site web ou en dehors, tels que services photographiques, r\u00e9alisation de films, montage, post-production, conception web, vente d\u2019impressions, etc.<\/p>\n<p>Le terme \u00ab\u00a0Site\/s\u00a0\u00bb d\u00e9signe le site www.JULS.ch et\/ou tout autre Site et\/ou nom de domaine \u00e9tant la propri\u00e9t\u00e9 de JULS<span style=\"font-size: small;\"><sup>\u00ae<\/sup><\/span> .<\/p>\n<p>La pr\u00e9sente Politique de protection des donn\u00e9es et de la vie priv\u00e9e, indique la fa\u00e7on dont Nous recueillons et traitons les informations \u00e0 caract\u00e8re personnel de Nos Utilisateurs ou Nos Clients, d\u00e9sign\u00e9s ci-apr\u00e8s par Vous, Votre, Vos, Utilisateur\/s et\/ou Client\/s, lorsque Vous acc\u00e9dez \u00e0 Notre Site ou fa\u00eetes appel \u00e0 un quelconque Contenu et\/ou Service fourni par JULS<span style=\"font-size: small;\"><sup>\u00ae<\/sup><\/span>.<\/p>\n<p>Nous Vous invitons \u00e0 lire attentivement la pr\u00e9sente Politique car elle sp\u00e9cifie la fa\u00e7on dont Nous recueillons et g\u00e9rons Vos donn\u00e9es personnelles.<br \/>Si Vous ne souhaitez pas accepter la pr\u00e9sente Politique, Vous ne serez pas autoris\u00e9 \u00e0 utiliser ce Site, son Contenu ou les Services fournis par JULS<span style=\"font-size: small;\"><sup>\u00ae<\/sup><\/span>.<\/p>\n<p><strong>1.1 Modifications et Acceptation de la Politique<\/strong><\/p>\n<p>Nous Nous\u00a0r\u00e9servons le droit de modifier \u00e0 tout moment la pr\u00e9sente Politique, une telle modification sera effective imm\u00e9diatement apr\u00e8s sa publication. Vous \u00eates donc responsable de passer en revue r\u00e9guli\u00e8rement cette Politique afin de prendre connaissance d\u2019une \u00e9ventuelle modification.<br \/>Si Nous apportons des modifications importantes \u00e0 la pr\u00e9sente Politique (concernant les informations que Nous recueillons, la mani\u00e8re dont Nous les utilisons ou les raisons pour lesquelles Nous les utilisons), Nous mettrons ces modifications en \u00e9vidence au d\u00e9but de la Politique et Nous fournirons un lien visible sur Notre Site menant \u00e0 celles-ci pendant les 30 jours suivant les modifications et avant que celles-ci n\u2019entrent en vigueur.<br \/>Si Vous \u00eates d\u00e9j\u00e0 inscrit en tant qu\u2019Utilisateur et\/ou Client de JULS<span style=\"font-size: small;\"><sup>\u00ae<\/sup><\/span>, vous serez \u00e9galement inform\u00e9 par courriel au moment de telles modifications et 30 jours avant que celles-ci n\u2019entrent en vigueur.<\/p>\n<p>En continuant \u00e0 utiliser ce Site, son Contenu ou les Services fournis par JULS<span style=\"font-size: small;\"><sup>\u00ae<\/sup><\/span>, Vous confirmez avoir pris connaissance de la totalit\u00e9 de la pr\u00e9sente Politique et en accepter ses Conditions.<\/p>\n<p>&nbsp;<\/p>\n<p>&nbsp;<\/p>\n<p><strong>2.0 Notre engagement sur la confidentialit\u00e9 de vos donn\u00e9es personnelles<\/strong><\/p>\n<p>JULS<span style=\"font-size: small;\"><sup>\u00ae<\/sup><\/span> ne recueille que les informations minimales requises pour Vous et Votre utilisation de Nos Services.\u2028 Les informations r\u00e9colt\u00e9es ne servent qu\u2019\u00e0 pouvoir Vous fournir le ou les Services demand\u00e9s, garantir la s\u00e9curit\u00e9 de Vos donn\u00e9es et optimiser Votre interaction avec Nous.\u2028 JULS<span style=\"font-size: small;\"><sup>\u00ae<\/sup><\/span> traite Vos donn\u00e9es personnelles dans le plus grand respect, s\u2019assure que celles-ci sont prot\u00e9g\u00e9es et ne les conserve jamais plus que n\u00e9cessaire \u00e0 Vous fournir un Service de qualit\u00e9.<\/p>\n<p><strong>Un usage restreint\u2028.<br \/><\/strong>Vos donn\u00e9es ne sont jamais partag\u00e9es avec des tiers sans une raison n\u00e9cessaire \u00e0 Vous fournir le service demand\u00e9 ou lorsque cela est requis par la loi.<\/p>\n<p><strong>Un usage transparent\u2028.<br \/><\/strong>Nous n\u2019utilisons Vos donn\u00e9es que pour les raisons d\u00e9crites dans cette Politique.<\/p>\n<p><strong>Vous gardez le contr\u00f4le\u2028.<br \/><\/strong>Vous pouvez \u00e0 tout moment, recueillir les donn\u00e9es que Nous d\u00e9tenons sur Vous et\/ou en demander la suppression.<\/p>\n<p>&nbsp;<\/p>\n<p>&nbsp;<\/p>\n<p><strong>3.0 Informations que Nous recueillons<\/strong><\/p>\n<p><strong>3.1 Informations que Vous nous fournissez<\/strong><\/p>\n<p>Vous Nous fournissez des informations, y compris des informations permettant de Vous identifier lorsque Vous utilisez notre site web, que Vous correspondez avec Nous, que Vous Vous abonnez \u00e0 Notre newsletter, que Vous achetez Nos produits ou Nos services ou que Vous communiquez avec Nous et \u00e0 Notre intention par le biais de l\u2019une de Nos plateformes de r\u00e9seau social. Lorsque Nous Vous demandons des informations, Nous recueillons les informations fournies sur les formulaires ou les pages en question. Vous pouvez choisir de Nous fournir des informations suppl\u00e9mentaires lorsque Vous prenez contact avec Nous ou dans le cadre de Vos relations avec Nous.<br \/>Si Vous achetez des Services, ou d\u2019autres articles sur Notre Site, Vous allez cr\u00e9er un compte chez Nous. Les informations que Vous Nous fournissez au moment de cr\u00e9er Votre compte peuvent comporter Votre nom, Votre nom d\u2019utilisateur de compte, Votre adresse de courriel, Votre num\u00e9ro de t\u00e9l\u00e9phone, Votre adresse de livraison, Votre adresse de facturation et Vos donn\u00e9es de paiement.<br \/>Veuillez noter que Nous n\u2019enregistrerons pas Vos donn\u00e9es de paiement, qui seront trait\u00e9es par une soci\u00e9t\u00e9 de paiement tierce.\u2028 Si Vous vous inscrivez afin d\u2019ouvrir un compte chez Nous, Vous cr\u00e9erez \u00e9galement un mot de passe unique qui Vous permettra d\u2019acc\u00e9der \u00e0 votre compte. Nous n\u2019avons pas acc\u00e8s \u00e0 Votre mot de passe. La conservation de Votre mot de passe est sous Votre enti\u00e8re responsabilit\u00e9 et par cons\u00e9quent, l\u2019acc\u00e8s \u00e0 Vos donn\u00e9es de compte par un tiers non autoris\u00e9.<br \/>Si Vous vous abonnez \u00e0 Notre newsletters ou si Vous recevez d\u2019autres formes de communication directe de Notre part, il se peut que Vous Nous communiquiez \u00e9galement Votre nom, Votre adresse \u00e9lectronique, Votre sexe, et Votre date de naissance.<\/p>\n<p><strong>3.1.1 But du recueil des informations que Vous Nous fournissez<\/strong><\/p>\n<p>Nous utilisons Vos informations afin de Vous fournir les Services pour lesquels Vous Nous avez sollicit\u00e9s, notamment pour cr\u00e9er Votre compte et g\u00e9rer Nos relations avec Vous, pour Vous envoyer un achat ou Vous envoyer des donn\u00e9es par courriel. Nous utilisons \u00e9galement Vos informations pour communiquer avec Vous \u00e0 propos de Votre compte, de l\u2019\u00e9volution de Nos Services, de Nos promotions et de Notre actualit\u00e9.<\/p>\n<p><strong>3.2 Informations que nous recueillons automatiquement<\/strong><\/p>\n<p>Lorsque Vous acc\u00e9dez \u00e0 Notre Site, il se peut que Nous recueillions automatiquement les informations suivantes\u00a0: Votre adresse IP, Votre emplacement g\u00e9ographique, le type et la version de Votre navigateur, le syst\u00e8me d\u2019exploitation et la plateforme que Vous utilisez, des informations sur Votre visite telles que les sites web vous ayant r\u00e9f\u00e9renc\u00e9 \u00e0 Nous (site sur lequel vous auriez cliqu\u00e9 sur un lien faisant r\u00e9f\u00e9rence \u00e0 Notre Site), Nous recueillons ces informations automatiquement par le biais de diverses technologies, dont les \u00ab\u00a0cookies\u00a0\u00bb et les \u00ab\u00a0balises web\u00a0\u00bb.<br \/>Il n\u2019y a absolument rien de sp\u00e9cial dans les informations d\u00e9crites ci-dessus, et la collecte de ces donn\u00e9es a \u00e9t\u00e9 g\u00e9n\u00e9ralis\u00e9e sur tous les serveurs Web sur Internet de nos jours.<\/p>\n<p><strong>3.2.1 But du recueil automatique d\u2019informations<\/strong><\/p>\n<p>Le but de la collecte de ces informations est double. D\u2019une part il est avantageux d\u2019examiner le trafic de Nos visiteurs de sorte que Nous puissions assurer une compatibilit\u00e9 maximum pour les diff\u00e9rents navigateurs et syst\u00e8mes d\u2019exploitation qui consultent Nos Sites. D\u2019autre part, dans le but d\u2019acqu\u00e9rir une plus grande quantit\u00e9 de visiteurs et d\u2019optimiser Notre exposition sur Internet, il est strat\u00e9giquement tr\u00e8s efficace d\u2019analyser les mod\u00e8les de visites de Nos Sites.<\/p>\n<p>&nbsp;<\/p>\n<p>&nbsp;<\/p>\n<p><strong>4.0 Cookies<\/strong><\/p>\n<p>Les informations d\u00e9taill\u00e9es \u00e0 propos de l\u2019utilisation des Cookies est disponible en consultant Notre <strong><a href=\"https:\/\/juls.ch\/en\/cookies\">Politique d\u2019utilisation des Cookies<\/a><\/strong>.<\/p>\n<p>&nbsp;<\/p>\n<p>&nbsp;<\/p>\n<p><strong>5.0 Conservation des donn\u00e9es<\/strong><\/p>\n<p>Nous conservons les donn\u00e9es que Vous Nous transmettez (cr\u00e9ation de compte) aussi longtemps que Vous d\u00e9tenez un compte chez JULS<span style=\"font-size: small;\"><sup>\u00ae<\/sup><\/span> et pendant la p\u00e9riode ult\u00e9rieure n\u00e9cessaire pour Nous permettre de Nous acquitter de nos obligations l\u00e9gales, telles que la conservation d\u2019informations \u00e0 des fins fiscales et comptables.\u2028Vous pouvez modifier les donn\u00e9es de Votre compte \u00e0 tout moment.<\/p>\n<p>Apr\u00e8s une p\u00e9riode d\u2019inactivit\u00e9 de plus de six mois (si Vous ne Vous \u00eates pas connect\u00e9 pendant cette p\u00e9riode), Votre compte accessible sur Notre Site sera supprim\u00e9. Vous recevrez un courriel de Notre part peu avant cette \u00e9ch\u00e9ance.\u2028 Les donn\u00e9es n\u00e9cessaires \u00e0 des fins fiscales et comptables sont toujours conserv\u00e9es pour la dur\u00e9e requise par la loi.<br \/>Si vous refusez de recevoir de Notre part des communications de marketing direct (Newsletter) ou si Vous choisissez de ne plus en recevoir, Nous effa\u00e7ons Vos coordonn\u00e9es et Vos autorisations de marketing afin de garantir que Vous ne receviez plus de communications de Notre part \u00e0 l\u2019avenir. En revanche, Nous ne supprimons pas les donn\u00e9es personnelles si celles-ci sont pertinentes pour une enqu\u00eate ou un litige en cours. Elles continuent alors d\u2019\u00eatre conserv\u00e9es jusqu\u2019\u00e0 ce que ces probl\u00e8mes soient d\u00e9finitivement r\u00e9solus.<br \/>Dans tous les cas, Nous continuons \u00e0 prot\u00e9ger Vos donn\u00e9es personnelles conform\u00e9ment aux dispositions de la pr\u00e9sente Politique. Nous actualisons \u00e9galement r\u00e9guli\u00e8rement Nos informations afin de garantir qu\u2019elles restent constamment \u00e0 jour.<\/p>\n<p>&nbsp;<\/p>\n<p>&nbsp;<\/p>\n<p><strong>6.0 Contr\u00f4le sur vos donn\u00e9es<\/strong><\/p>\n<p>Vous pouvez \u00e0 tout moment consulter et obtenir une copie de la totalit\u00e9 des donn\u00e9es que Nous d\u00e9tenons Vous concernant en Nous contactant via l\u2019adresse de courriel indiqu\u00e9e en bas de page ou via Notre page de contact. Certaines informations Vous seront demand\u00e9es afin de v\u00e9rifier Votre identit\u00e9.<br \/>A l\u2019exception des donn\u00e9es de facturation qui, pour des raisons fiscales, ne peuvent \u00eatre modifi\u00e9es et doivent \u00eatre conserv\u00e9es pour la p\u00e9riode requise par la loi, Vous pouvez \u00e0 tout moment demander la suppression ou la modification des donn\u00e9es personnelles que Nous d\u00e9tenons Vous concernant.<br \/>Si Vous poss\u00e9dez un compte, Vous pouvez acc\u00e9der directement aux informations personnelles que Nous d\u00e9tenons Vous concernant par le biais de Votre compte afin de rectifier, de modifier ou de supprimer celles qui sont inexactes. Vous pouvez \u00e9galement fermer Votre compte \u00e0 tout moment.<\/p>\n<p>&nbsp;<\/p>\n<p>&nbsp;<\/p>\n<p><strong>7.0 Quand partageons-nous vos informations avec d\u2019autres parties ?<\/strong><\/p>\n<p>De mani\u00e8re g\u00e9n\u00e9rale, les fournisseurs tiers que Nous utilisons vont uniquement recueillir et utiliser Vos informations dans la mesure du n\u00e9cessaire pour pouvoir r\u00e9aliser les Services qu\u2019ils Nous fournissent en lien direct avec Vous.<\/p>\n<p>Cependant, certains fournisseurs de services, comme les passerelles de paiement et autres processeurs de transactions de paiement, poss\u00e8dent leurs propres politiques de confidentialit\u00e9 et de gestion des donn\u00e9es personnelles quant aux renseignements que Nous sommes tenus de leur fournir pour Vos transactions d\u2019achat.<\/p>\n<p>En ce qui concerne ces fournisseurs, Nous Vous recommandons de lire attentivement leurs politiques de confidentialit\u00e9 et de gestion des donn\u00e9es personnelles pour que Vous puissiez comprendre la mani\u00e8re dont ils traiteront Vos donn\u00e9es personnelles.<\/p>\n<p>N\u2019oubliez pas que certains fournisseurs peuvent \u00eatre situ\u00e9s ou avoir des installations situ\u00e9es dans une juridiction diff\u00e9rente de la V\u00f4tre ou de la N\u00f4tre. Donc si vous d\u00e9cidez de poursuivre une transaction qui requiert les services d\u2019un fournisseur tiers, Vos renseignements pourraient alors \u00eatre r\u00e9gis par les lois de la juridiction dans laquelle ce fournisseur se situe ou celles de la juridiction dans laquelle ses installations sont situ\u00e9es.<\/p>\n<p><strong>7.1 Fournisseurs de Services tiers utilis\u00e9s par JULS<span style=\"font-size: small;\"><sup>\u00ae<\/sup><\/span><br \/><\/strong><\/p>\n<p><strong>Infomaniak Network SA<\/strong><\/p>\n<p>Infomaniak Network est l\u2019h\u00e9bergeur de Nos sites internet, de Notre solution mail et de newsletter. La totalit\u00e9 de l\u2019h\u00e9bergement est garantie 100% en Suisse.<br \/>Infomaniak Network est conforme au R\u00e8glement G\u00e9n\u00e9ral sur la Protection des Donn\u00e9es (R\u00e8glement Europ\u00e9en) en plus des lois suisses sur la protection de la vie priv\u00e9e. La totalit\u00e9 des donn\u00e9es que nous h\u00e9bergeons chez eux est sous notre entier contr\u00f4le.<br \/>Vous pouvez consulter la totalit\u00e9 des conditions d\u2019Infomaniak sur leur site \u00e0 l\u2019adresse : <a href=\"https:\/\/www.infomaniak.com\/fr\/cgv\/politique-de-confidentialite\"><strong>https:\/\/www.infomaniak.com\/fr\/cgv\/politique-de-confidentialite<\/strong><\/a><br \/>Les donn\u00e9es conserv\u00e9es par Infomaniak en tant qu\u2019h\u00e9bergeur de Notre serveur de Sites web concerne exclusivement JULS<span style=\"font-size: small;\"><sup>\u00ae<\/sup><\/span> en tant que client. Vos donn\u00e9es en Notre possession ne sont en aucun cas transmises \u00e0 Infomaniak.<\/p>\n<p><strong>WhiteWall Media GmbH\u2028<\/strong><\/p>\n<p>Whitewall est Notre laboratoire d\u2019impression professionnel depuis plus de 10 ans.<br \/>En tant que Soci\u00e9t\u00e9 bas\u00e9e en Allemagne, Whitewall est conforme au R\u00e8glement G\u00e9n\u00e9ral sur la Protection des Donn\u00e9es (R\u00e8glement Europ\u00e9en).<br \/>Vous pouvez consulter la totalit\u00e9 des Conditions de Whitewall sur leur site, \u00e0 l\u2019adresse\u00a0:<br \/><a href=\"https:\/\/www.whitewall.com\/ch-fr\/donnees-personnelles\"><strong>https:\/\/www.whitewall.com\/ch-fr\/donnees-personnelles<\/strong><\/a><br \/>Les donn\u00e9es Vous concernant que Nous transmettons \u00e0 Whitewall, ne concernant que Vos coordonn\u00e9es de livraison (Nom, Pr\u00e9nom, Adresse et \u00e9ventuellement Votre num\u00e9ro de t\u00e9l\u00e9phone), afin que le laboratoire puisse Vous faire livrer Votre commande. Celles-ci sont \u00e9galement transmises au transporteur qui peut varier en fonction de Votre pays de r\u00e9sidence. Les transporteurs couramment utilis\u00e9s sont Fedex, UPS ou TNT.\u2028 Vos coordonn\u00e9es de livraisons sont supprim\u00e9es une fois Votre\/Vos colis livr\u00e9s.<br \/>Whitewall ou le transporteur n\u2019obtiennent pas de donn\u00e9es de facturation ou de paiement Vous concernant.<\/p>\n<p><strong>Stripe Inc.<\/strong><\/p>\n<p>Stripe est Notre passerelle de paiement par carte de cr\u00e9dit, c\u2019est l\u2019une des plateformes les plus utilis\u00e9es dans le monde tout comme Paypal ou Amazon payments.<br \/>Stripe est une entreprise am\u00e9ricaine bas\u00e9e \u00e0 San Francisco, aux Etats-Unis.<br \/>Les donn\u00e9es Vous concernant qui sont transmises \u00e0 Stripe sont Vos coordonn\u00e9es de carte de cr\u00e9dit ainsi que le montant de la transaction. Ces donn\u00e9es sont directement transmises par Vous \u00e0 Stripe au moment du r\u00e8glement de Votre achat sur Notre Site de vente d\u2019impressions. Ces donn\u00e9es ne sont en aucun cas stock\u00e9es sur Nos Site.<br \/>Vous pouvez consulter les r\u00e8glements de Stripe en mati\u00e8re de gestion des donn\u00e9es personnelles sur leur site, \u00e0 l\u2019adresse\u00a0:<br \/><a href=\"https:\/\/stripe.com\/fr-ch\/guides\/general-data-protection-regulation\"><strong>https:\/\/stripe.com\/fr-ch\/guides\/general-data-protection-regulation<\/strong><\/a><\/p>\n<p>Veuillez noter que la plupart des conditions g\u00e9n\u00e9rales et de gestion des donn\u00e9es de Nos prestataires de Services concernent la relation entre le prestataire de Service et JULS<span style=\"font-size: small;\"><sup>\u00ae<\/sup><\/span> en tant que client. Elles ne Vous concernent pas en tant que client de JULS<span style=\"font-size: small;\"><sup>\u00ae<\/sup><\/span>.<br \/>Le traitement de Vos paiements engage \u00e9galement d\u2019autres parties telles que Votre \u00e9tablissement bancaire ou Votre \u00e9metteur de carte de cr\u00e9dit.<\/p>\n<p><strong>7.2 Transmission de donn\u00e9es requis par la justice<\/strong><\/p>\n<p>Lorsque cela est requis par la loi, une ordonnance de justice peut nous contraindre \u00e0 transmettre les donn\u00e9es personnelles encore en Notre possession aux autorit\u00e9s.\u2028 Pour des raisons fiscales \u00e9galement Nous pouvons \u00eatre amen\u00e9s \u00e0 transmettre vos donn\u00e9es de facturation aux autorit\u00e9s.<\/p>\n<p>&nbsp;<\/p>\n<p>&nbsp;<\/p>\n<p><strong>8.0 Droit \u00e0 l\u2019image<br \/><\/strong><\/p>\n<p>Sont exclues de la pr\u00e9sente Politique de protection des donn\u00e9es personnelles et de la vie priv\u00e9e, les conditions d\u2019obtention, d\u2019utilisation et de conservation de Vos donn\u00e9es personnelles d\u2019identification visuelle, autrement dit Votre image, sous forme de photographie et\/ou de film.<br \/>Ces conditions sont d\u00e9finies sp\u00e9cifiquement et contractuellement dans chaque cas.<\/p>\n<p>&nbsp;<\/p>\n<p>&nbsp;<\/p>\n<p><strong>9.0 S\u00e9curit\u00e9 des donn\u00e9es<\/strong><\/p>\n<p>Nous prenons des mesures de s\u00e9curit\u00e9 physiques, techniques et administratives pour prot\u00e9ger Vos informations personnelles se trouvant sous Notre contr\u00f4le contre tout acc\u00e8s, toute collecte, toute utilisation, toute divulgation, toute copie, toute modification ou toute suppression non autoris\u00e9e. Toutes les informations que Vous Nous fournissez sont stock\u00e9es sur des serveurs s\u00e9curis\u00e9s.<br \/>Lorsque Vous disposez d\u2019un mot de passe qui Vous permet d\u2019acc\u00e9der \u00e0 Notre Site web il vous appartient de le prot\u00e9ger et d\u2019en assurer la confidentialit\u00e9.<\/p>\n<p>&nbsp;<\/p>\n<p>&nbsp;<\/p>\n<p><strong>10.0 Utilisation de Nos Sites web et\/ou de Nos Services par des mineurs<\/strong><\/p>\n<p>En utilisant Nos Sites web et\/ou en faisant appel \u00e0 Nos Services, Vous confirmez que vous avez 18 ans r\u00e9volus. Pour Nos Sites web ou pour Nos Services, si Vous avez moins de 18 ans, Vous devez pr\u00e9alablement obtenir le consentement de Vos parents ou tuteurs. Les Utilisateurs n\u2019ayant pas obtenu un tel consentement ne sont pas autoris\u00e9s \u00e0 Nous fournir d\u2019informations et, s\u2019ils le font malgr\u00e9 tout, Nous cesserons de traiter leurs informations d\u00e8s que Nous aurons connaissance de la situation.<\/p>\n<p>&nbsp;<\/p>\n<p>&nbsp;<\/p>\n<p><strong>11.0 Liens<\/strong><\/p>\n<p>Vous pourriez \u00eatre amen\u00e9 \u00e0 quitter Notre Site web en cliquant sur certains liens pr\u00e9sents sur celui-ci. Nous n\u2019assumons aucune responsabilit\u00e9 quant \u00e0 leur politique de protection des donn\u00e9es personnelles et de la vie priv\u00e9e et Vous recommandons de lire attentivement leurs conditions.<\/p>\n<p>&nbsp;<\/p>\n<p>&nbsp;<\/p>\n<p><strong>12.0 Coordonn\u00e9es de contact<\/strong><\/p>\n<p>Si Vous souhaitez obtenir, corriger, modifier ou supprimer toute donn\u00e9e personnelle Vous concernant en Notre possession, ou si Vous souhaitez simplement obtenir plus d\u2019informations, veuillez Nous \u00e9crire via Notre formulaire de <a href=\"https:\/\/juls.ch\/contact\"><strong>Contact<\/strong><\/a>.<\/p>\n<p><strong>\u00a0<\/strong><\/p>\n<p><\/p>[\/et_pb_text][\/et_pb_column][\/et_pb_row][\/et_pb_section]<!-- \/wp:post-content -->","protected":false},"excerpt":{"rendered":"<p>PRIVACY POLICYPersonal data protection and privacy policy. Last modification : December 3rd 2022 Thank you for visiting JULS.ch The original version of these Personal data protection and privacy policy is only available in French.Any translation is provided solely for Your convenience and information. In case of dispute, only the French version shall prevail. &nbsp; 1.0 [&hellip;]<\/p>\n","protected":false},"author":1,"featured_media":0,"parent":0,"menu_order":0,"comment_status":"closed","ping_status":"open","template":"","meta":{"_et_pb_use_builder":"on","_et_pb_old_content":"<!-- \/wp:heading --><!-- wp:heading {\"level\":3} -->\r\n<p>\u00a0<\/p>\r\n<!-- \/wp:heading --><!-- wp:heading -->\r\n<h2>\u00a0<\/h2>\r\n<!-- \/wp:heading --><!-- wp:heading -->\r\n<h3>\u00a0<\/h3>\r\n<!-- \/wp:heading -->","_et_gb_content_width":"","footnotes":""},"class_list":["post-240356","page","type-page","status-publish","hentry"],"_links":{"self":[{"href":"https:\/\/juls.ch\/en\/wp-json\/wp\/v2\/pages\/240356","targetHints":{"allow":["GET"]}}],"collection":[{"href":"https:\/\/juls.ch\/en\/wp-json\/wp\/v2\/pages"}],"about":[{"href":"https:\/\/juls.ch\/en\/wp-json\/wp\/v2\/types\/page"}],"author":[{"embeddable":true,"href":"https:\/\/juls.ch\/en\/wp-json\/wp\/v2\/users\/1"}],"replies":[{"embeddable":true,"href":"https:\/\/juls.ch\/en\/wp-json\/wp\/v2\/comments?post=240356"}],"version-history":[{"count":0,"href":"https:\/\/juls.ch\/en\/wp-json\/wp\/v2\/pages\/240356\/revisions"}],"wp:attachment":[{"href":"https:\/\/juls.ch\/en\/wp-json\/wp\/v2\/media?parent=240356"}],"curies":[{"name":"wp","href":"https:\/\/api.w.org\/{rel}","templated":true}]}}