{"id":240351,"date":"2020-09-11T13:44:23","date_gmt":"2020-09-11T11:44:23","guid":{"rendered":"https:\/\/juls.ch\/terms\/"},"modified":"2022-12-03T21:46:26","modified_gmt":"2022-12-03T20:46:26","slug":"terms","status":"publish","type":"page","link":"https:\/\/juls.ch\/en\/terms\/","title":{"rendered":"Terms &#038; Conditions"},"content":{"rendered":"<p>[et_pb_section fb_built=&#8221;1&#8243; module_class=&#8221;terms&#8221; _builder_version=&#8221;4.16&#8243; _module_preset=&#8221;default&#8221; background_color=&#8221;#000000&#8243; global_colors_info=&#8221;{}&#8221;][et_pb_row _builder_version=&#8221;4.16&#8243; _module_preset=&#8221;default&#8221; global_colors_info=&#8221;{}&#8221;][et_pb_column type=&#8221;4_4&#8243; _builder_version=&#8221;4.16&#8243; _module_preset=&#8221;default&#8221; global_colors_info=&#8221;{}&#8221;][et_pb_text _builder_version=&#8221;4.19.2&#8243; _module_preset=&#8221;default&#8221; text_font=&#8221;|600||on|||||&#8221; text_text_color=&#8221;#4D4C4C&#8221; text_font_size=&#8221;38px&#8221; text_letter_spacing=&#8221;2px&#8221; custom_margin=&#8221;25px|0px|25px|0px|true|true&#8221; custom_padding=&#8221;0px|0px|0px|0px|true|true&#8221; mix_blend_mode=&#8221;darken&#8221; global_colors_info=&#8221;{}&#8221;]<\/p>\n<p style=\"text-align: center;\"><span style=\"background: -webkit-linear-gradient( left, #da5e18, #f6a361); -webkit-background-clip: text; -webkit-text-fill-color: transparent;\">TERMS &amp; CONDITIONS<\/span><\/p>\n<p>[\/et_pb_text][et_pb_text _builder_version=&#8221;4.19.2&#8243; _module_preset=&#8221;default&#8221; hover_enabled=&#8221;0&#8243; global_colors_info=&#8221;{}&#8221; link_text_color=&#8221;#ff992a&#8221; sticky_enabled=&#8221;0&#8243;]<\/p>\n<p>Last modification : December 3rd 2022<strong><em><br \/><\/em><\/strong><\/p>\n<p>Thank you for visiting JULS.ch<\/p>\n<p><strong>The original version of these Terms and Conditions is only available in French.<\/strong><br \/><strong>Any translation is provided solely for Your convenience and information. In case of dispute, only the French version shall prevail.<\/strong><\/p>\n<p><strong>1.0 D\u00e9finition de termes &amp; informations<\/strong><\/p>\n<p>Ce site web est g\u00e9r\u00e9 par JULS<span style=\"font-size: small;\"><sup>\u00ae<\/sup><\/span>, dont l\u2019adresse postale est<\/p>\n<p><strong>JULS<\/strong><span style=\"font-size: small;\"><sup>\u00ae<\/sup><\/span><br \/><strong>Julien Sollberger<br \/>PO Box 452<\/strong><br \/><strong> 1213 Petit-Lancy &#8211; Geneva\u2028, Switzerland<\/strong><\/p>\n<p>d\u00e9sign\u00e9e ci-apr\u00e8s par Nous, Notre, Nos ou JULS<span style=\"font-size: small;\"><sup>\u00ae<\/sup><\/span> .<\/p>\n<p>Les autres termes utilis\u00e9s dans les pr\u00e9sentes Conditions et qui sont d\u00e9sign\u00e9s par une lettre majuscule sont d\u00e9finis comme suit :<\/p>\n<p>Le terme \u00ab\u00a0Conditions\u00a0\u00bb d\u00e9signe la totalit\u00e9 de Nos termes, politiques, chartes et r\u00e8gles.<\/p>\n<p>Le terme \u00ab\u00a0Contenu\/s\u00a0\u00bb d\u00e9signe toutes les informations, le mat\u00e9riel et supports d\u2019information, le texte, les donn\u00e9es, les graphismes, les photos,\u00a0 les vid\u00e9os, les sons, les musiques et tout le mat\u00e9riel cr\u00e9\u00e9 par Nous et mis \u00e0 disposition sur ou via ce Site web ainsi que sur toute autre plateforme.<\/p>\n<p>Le terme \u00ab\u00a0PI\u00a0\u00bb signifie Propri\u00e9t\u00e9 Intellectuelle et d\u00e9signe, sans y \u00eatre limit\u00e9, le droit d\u2019auteur, les brevets et les marques (y compris les demandes d\u2019enregistrement) ainsi que tous les renouvellements et d\u00e9veloppements de ceux-ci n\u2019importe o\u00f9 dans le monde.<\/p>\n<p>Le terme \u00ab\u00a0DPI\u00a0\u00bb signifie Droits de Propri\u00e9t\u00e9 Intellectuelle et d\u00e9signent, sans y \u00eatre limit\u00e9s, tous les droits se r\u00e9f\u00e9rant \u00e0 la Propri\u00e9t\u00e9 Intellectuelle \u00ab\u00a0PI\u00a0\u00bb.<\/p>\n<p>Le terme \u00ab\u00a0Service\/s\u00a0\u00bb d\u00e9signe la totalit\u00e9 du\/des service\/s mis \u00e0 disposition et\/ou fournis par\u00a0 JULS<span style=\"font-size: small;\"><sup>\u00ae<\/sup><\/span> au travers de ce Site web ou en dehors, tels que services photographiques, r\u00e9alisation de films, montage, post-production, conception web, vente d\u2019impressions, etc.<\/p>\n<p>Le terme \u00ab\u00a0Site\/s\u00a0\u00bb d\u00e9signe le site www.JULS.ch et\/ou tout autre Site et\/ou nom de domaine \u00e9tant la propri\u00e9t\u00e9 de\u00a0JULS<span style=\"font-size: small;\"><sup>\u00ae<\/sup><\/span>.<\/p>\n<p>Les pr\u00e9sentes Conditions g\u00e9n\u00e9rales \u00e9tablissent les r\u00e8gles qui s\u2019appliquent aux Sites web et aux Services que Nous rendons accessibles aux Utilisateurs (d\u00e9sign\u00e9s ci-apr\u00e8s par <strong><em>Vous<\/em><\/strong>, <strong><em>Votre<\/em><\/strong>, <strong><em>Vos<\/em><\/strong> ou <strong><em>Utilisateur\/s<\/em><\/strong>).<\/p>\n<p>Nous Vous invitons \u00e0 lire attentivement les pr\u00e9sentes Conditions g\u00e9n\u00e9rales car elles sp\u00e9cifient, entre autre, les limites de Nos responsabilit\u00e9s envers Vous et de Vos responsabilit\u00e9s envers Nous.<br \/>Si Vous ne souhaitez pas accepter les pr\u00e9sentes Conditions g\u00e9n\u00e9rales, Vous ne serez pas autoris\u00e9 \u00e0 utiliser ce Site web, son Contenu ou les Services fournis par JULS<span style=\"font-size: small;\"><sup>\u00ae<\/sup><\/span>.<\/p>\n<p><strong>1.1 Modifications et Acceptation des Conditions g\u00e9n\u00e9rales<\/strong><\/p>\n<p>Nous Nous\u00a0r\u00e9servons le droit de modifier \u00e0 tout moment les pr\u00e9sentes Conditions, une telle modification sera effective imm\u00e9diatement apr\u00e8s sa publication. Vous \u00eates donc responsable de passer en revue r\u00e9guli\u00e8rement ces Conditions afin de prendre connaissance d\u2019une \u00e9ventuelle modification.<\/p>\n<p>En consultant et en utilisant le site JULS.ch ou en faisant appel \u00e0 un quelconque Contenu et\/ou Service fourni par JULS<span style=\"font-size: small;\"><sup>\u00ae<\/sup><\/span>, Vous acceptez de Vous soumettre aux pr\u00e9sentes Conditions g\u00e9n\u00e9rales. Sont \u00e9galement incluses certaines r\u00e8gles suppl\u00e9mentaires, telles que Notre Politique de protection des donn\u00e9es personnelles et de la vie priv\u00e9e, Notre politique de gestion des cookies et Nos Conditions g\u00e9n\u00e9rales de vente. Ces r\u00e8gles sont \u00e9galement publi\u00e9es sur ce site et font partie int\u00e9grante des Conditions g\u00e9n\u00e9rales, ci-apr\u00e8s d\u00e9nomm\u00e9es \u00ab\u00a0Conditions\u00a0\u00bb.<\/p>\n<p>&nbsp;<\/p>\n<p>&nbsp;<\/p>\n<p><strong>2.0 Politique de protection des donn\u00e9es personnelles et de la vie priv\u00e9e<\/strong><\/p>\n<p>Veuillez passer en revue Notre <a href=\"https:\/\/juls.ch\/en\/privacy\/\"><strong>Politique de protection des donn\u00e9es personnelles<\/strong><strong> et de la vie priv\u00e9e<\/strong><\/a>,\u00a0afin de comprendre Nos pratiques concernant la r\u00e9colte, l\u2019utilisation et la conservation de Vos donn\u00e9es personnelles.<\/p>\n<p>&nbsp;<\/p>\n<p>&nbsp;<\/p>\n<p><strong>3.0 Droits d\u2019auteur, propri\u00e9t\u00e9 intellectuelle et marque commerciale<\/strong><\/p>\n<p>Tout le Contenu et les Services de ce Site, y compris le Contenu et les Services mis \u00e0 disposition par JULS<span style=\"font-size: small;\"><sup>\u00ae<\/sup><\/span>, c\u2019est-\u00e0-dire tous les textes, logos, marques commerciales, graphiques, illustrations, sons, musiques et logiciels (y compris le Logiciel d\u2019acc\u00e8s), sont prot\u00e9g\u00e9s par des droits d\u2019auteur, des droits moraux, des dessins ou mod\u00e8les d\u00e9pos\u00e9s, des brevets, des marques commerciales, des marques de service, des marques, des droits des dessins et mod\u00e8les, sur des bases de donn\u00e9es, des secrets commerciaux, des droits de confidentialit\u00e9 et d\u2019autres droits similaires (\u00ab DPI \u00bb). Tous les DPI existant sur ce Site et dans son Contenu ou les Services propos\u00e9s par JULS<span style=\"font-size: small;\"><sup>\u00ae<\/sup><\/span> sont Notre propri\u00e9t\u00e9 ou Nous ont \u00e9t\u00e9 conc\u00e9d\u00e9s par une licence. Tous les droits Nous restent r\u00e9serv\u00e9s ou \u00e0 un tiers, s\u2019ils ont \u00e9t\u00e9 fournis par une tierce personne (m\u00eame si un tel Contenu ou Service n\u2019est pas explicitement identifi\u00e9 comme \u00e9tant prot\u00e9g\u00e9 par la loi ou d\u00e9pos\u00e9, ceci n\u2019implique pas une renonciation de Notre part aux droits de propri\u00e9t\u00e9 intellectuelle applicables \u00e0 ce Contenu ou Service, en totalit\u00e9 ou en partie). M\u00eame si un quelconque nom, logo et marque commerciale ne sont pas explicitement identifi\u00e9s comme \u00e9tant prot\u00e9g\u00e9s par la loi ou d\u00e9pos\u00e9s, ceci n\u2019implique pas une renonciation de Notre part aux droits de propri\u00e9t\u00e9 intellectuelle applicables \u00e0 ce nom, logo ou marque commerciale. Vous ne pouvez pas reproduire, copier, publier en ligne, republier, diffuser, enregistrer, transmettre ou \u00e9diter du Contenu, du mat\u00e9riel ou des parties de ceux-ci sans avoir obtenu express\u00e9ment, au pr\u00e9alable, Notre accord \u00e9crit. Vous ne pouvez pas non plus faire ou tenter de faire quoi que ce soit qui enfreigne Nos DPI ou des DPI Nous ayant \u00e9t\u00e9 conc\u00e9d\u00e9s par licence ou dont un tiers est propri\u00e9taire. La m\u00eame r\u00e8gle s\u2019applique aux id\u00e9es et aux concepts sur lesquels est bas\u00e9 ce Site, n\u2019importe quel Contenu ou Service fourni par JULS<span style=\"font-size: small;\"><sup>\u00ae<\/sup><\/span> m\u00eame s\u2019ils ne sont pas prot\u00e9g\u00e9s par la loi sur les DPI.<\/p>\n<p><strong>Toute reproduction de Notre Contenu, de Nos Services ou partie de ceux-ci fera express\u00e9ment l\u2019objet de Notre accord \u00e9crit et l\u2019Utilisateur y fera figurer Notre mention de droits d\u2019auteur suivante :<\/strong><\/p>\n<p><strong>\u00a0<\/strong><strong>\u00a9 JULS<span style=\"font-size: small;\"><sup>\u00ae<\/sup><\/span> &#8211; www.JULS.ch<\/strong><\/p>\n<p>JULS<span style=\"font-size: small;\"><sup>\u00ae<\/sup><\/span>\u00a0est une marque d\u00e9pos\u00e9e. Toute utilisation personnelle et\/ou commerciale est formellement interdite sans une autorisation \u00e9crite de Notre part. Sont \u00e9galement inclus ses logos, typographies et noms de domaines.<\/p>\n<p>Si Vous constatez des \u00e9l\u00e9ments que Vous pensez en infractions avec Nos DPI ou les lois relatives au droit d\u2019auteur, veuillez Nous les signaler en Nous \u00e9crivant via Notre formulaire de <a href=\"https:\/\/juls.ch\/en\/contact\"><strong>Contact<\/strong><\/a>.<\/p>\n<p>&nbsp;<\/p>\n<p>&nbsp;<\/p>\n<p><strong>4.0 Inscription en tant qu\u2019Utilisateur<\/strong><\/p>\n<p>Pour acc\u00e9der \u00e0 ou utiliser certaines fonctions de Nos services, tels que la Newsletter, Vous devez vous enregistrer en tant qu\u2019Utilisateur. Pour cela, vous devez avoir au moins 18 ans r\u00e9volus. Vous pouvez vous enregistrer en remplissant Notre formulaire d\u2019inscription. Vous ne pouvez vous enregistrer que si Vous avez accept\u00e9 Nos Conditions, que Vous Nous avez fourni des informations correctes et que Vous avez re\u00e7u de Notre part, un courriel de confirmation de Votre enregistrement.<\/p>\n<p>Certains Services et Contenus peuvent \u00eatre rendus accessibles ou non \u00e0 certains Utilisateurs, selon Notre seule appr\u00e9ciation.<\/p>\n<p><strong>4.1 Acceptation de la Newsletter<\/strong><\/p>\n<p>Pour Vous tenir toujours inform\u00e9, Nous pouvons Vous faire parvenir, par e-mail, Notre bulletin d\u2019information (Newsletter) et d\u2019autres communiqu\u00e9s concernant Nos Contenus, nos Services, Nos offres, promotions et \u00e9v\u00e9nements, \u00e0 condition que Vous Nous donniez Votre accord pour cela en Vous enregistrant via Notre formulaire.<\/p>\n<p>Vous pouvez vous y opposer et revenir sur Votre accord \u00e0 tout moment, tel qu\u2019indiqu\u00e9 dans Notre <a href=\"https:\/\/juls.ch\/en\/privacy\/\"><strong>Politique de protection des donn\u00e9es personnelles<\/strong><strong> et de la vie priv\u00e9e<u><\/u><\/strong><\/a>.<\/p>\n<p>&nbsp;<\/p>\n<p>&nbsp;<\/p>\n<p><strong>5.0 Licence &amp; Utilisation<\/strong><\/p>\n<p>Toute utilisation personnelle et\/ou commerciale du contenu de ce Site web et\/ou de tout \u00e9l\u00e9ment relevant de la PI de\u00a0JULS<span style=\"font-size: small;\"><sup>\u00ae<\/sup><\/span> doit faire l\u2019objet d\u2019une demande et de l\u2019obtention d\u2019un accord de licence \u00e9crit de Notre part.<br \/>L\u2019utilisation personnelle et\/ou commerciale du contenu de ce Site web et\/ou de tout \u00e9l\u00e9ment relevant de la PI de\u00a0JULS<span style=\"font-size: small;\"><sup>\u00ae<\/sup><\/span> sans accord de licence est formellement interdite.<br \/>Le contenu d\u00e9j\u00e0 diffus\u00e9 sur une plateforme tierce (m\u00e9dias, internet, flyers, affiches, t\u00e9l\u00e9visions, supports imprim\u00e9s etc) ne signifie en aucun cas que son utilisation est libre de droit.<br \/>Toute diffusion de contenu ne pouvant pas \u00eatre justifi\u00e9e par un accord de licence \u00e9crit et valide, sera syst\u00e9matiquement d\u00e9nonc\u00e9e comme une violation du droit d\u2019auteur et des DPI de JULS<span style=\"font-size: small;\"><sup>\u00ae<\/sup><\/span>. Les frais relatifs \u00e0 une telle d\u00e9nonciation ainsi que ceux correspondant au type et \u00e0 la dur\u00e9e d\u2019utilisation d\u00e9j\u00e0 effectu\u00e9s seront appliqu\u00e9s par d\u00e9faut.<\/p>\n<p>&nbsp;<\/p>\n<p>&nbsp;<\/p>\n<p><strong>6.0 Acc\u00e8s au site et responsabilit\u00e9s<\/strong><\/p>\n<p>Ce Site ou toute partie de ce Site ne peut \u00eatre reproduit, adapt\u00e9, copi\u00e9, vendu, revendu, transmis ou autrement exploit\u00e9 pour aucun but personnel et\/ou commercial sans Notre autorisation \u00e9crite.<\/p>\n<p>Vous ne pouvez pas copier, ou employer n\u2019importe quelle technique \u00e0 des fins de copie pour joindre n\u2019importe quelle marque d\u00e9pos\u00e9e, logo, ou toute autre information de PI et\/ou \u00a0de propri\u00e9t\u00e9 industrielle (images y compris, texte, film ou mise en page) de ce Site sans Notre autorisation \u00e9crite.<br \/>Vous ne pouvez pas employer de balises META ou aucun autre \u00ab texte cach\u00e9 \u00bb qui utilisent ce Site ou n\u2019importe quel autre d\u00e9riv\u00e9 ou synonyme de son nom de domaine sans Notre autorisation \u00e9crite.<\/p>\n<p>Il Vous est accord\u00e9 un droit limit\u00e9, r\u00e9vocable, et non-exclusif de cr\u00e9er un hyperlien vers ce Site, \u00e0 condition que le lien ne d\u00e9crive pas faussement ce Site, n\u2019importe quel autre d\u00e9riv\u00e9 ou synonyme de son nom de domaine, de JULS<span style=\"font-size: small;\"><sup>\u00ae<\/sup><\/span>, ne trompe sur son contenu ou ne porte atteinte \u00e0 son image et \u00e0 sa r\u00e9putation.<\/p>\n<p>Vous ne devez pas donner une image n\u00e9gative de JULS<span style=\"font-size: small;\"><sup>\u00ae<\/sup><\/span>, de Nos activit\u00e9s, affaires, biens, services ou marques. Vous vous abstiendrez en particulier d\u2019utiliser tout Contenu en rapport avec des produits, du contenu, du mat\u00e9riel ou des services ill\u00e9gaux\u00a0; des produits, du contenu, du mat\u00e9riel ou des services concernant ou li\u00e9s \u00e0 des sujets obsc\u00e8nes, pornographiques ou de th\u00e9matique similaire pour les adultes; la couverture d\u2019accidents, d\u2019agressions, de catastrophes ou d\u2019\u00e9meutes; des services de la concurrence.<br \/>Vous ne devez pas utiliser ce Site web, Notre Contenu ou Nos Services \u00e0 des fins illicites ou pour la publication, l\u2019\u00e9dition, l\u2019affichage de mat\u00e9riel illicite ou l\u2019\u00e9tablissement de liens vers un tel mat\u00e9riel (y compris, mais sans s\u2019y limiter, tout logiciel pirat\u00e9 ou tout mat\u00e9riel \u00e0 caract\u00e8re obsc\u00e8ne, mena\u00e7ant, malveillant, trompeur, pr\u00e9judiciable, grossier, diffamatoire, intimidant, discriminatoire en termes de religion, de sexe, d\u2019orientation sexuelle, de race, d\u2019ethnicit\u00e9, d\u2019\u00e2ge ou de handicap) ou encore du mat\u00e9riel qui viole Nos droits et\/ou ceux d\u2019un tiers (y compris, mais sans s\u2019y limiter les DPI), incite ou conduit \u00e0 une activit\u00e9 criminelle ou contient des virus, des chevaux de Troie ou d\u2019autres codes ou scripts dangereux.<\/p>\n<p>Vous convenez express\u00e9ment que Votre utilisation de ce Site est \u00e0 Vos risques et p\u00e9rils. Nous ne garantissons en aucun cas que ses pages ou Nos courriels sont exempts d\u2019erreurs ou de virus.\u00a0JULS<span style=\"font-size: small;\"><sup>\u00ae<\/sup><\/span> ne pourra en aucun cas \u00eatre tenu pour responsable d\u2019un quelconque d\u00e9sagr\u00e9ment caus\u00e9 par la visite de ce Site, une erreur contenue sur ses pages ou une information erron\u00e9e. Vous garantissez ne pas nuire intentionnellement au bon fonctionnement de ce Site par l\u2019envoi de virus, spam, l\u2019acc\u00e8s non autoris\u00e9 \u00e0 une base de donn\u00e9e, une page, des documents ou un serveur, le piratage de donn\u00e9es, la modification du code source etc.<\/p>\n<p>&nbsp;<\/p>\n<p>&nbsp;<\/p>\n<p><strong>7.0 Liens vers des sites externes<\/strong><\/p>\n<p>Les liens vers des sites internet externes ne sont pas sous Notre contr\u00f4le et Nous ne sommes pas responsable de leur contenu. L\u2019affichage d\u2019un lien ne constitue pas une approbation de\u00a0JULS<span style=\"font-size: small;\"><sup>\u00ae<\/sup><\/span> sur le contenu du site internet en question ni une garantie sur son emplacement. Vous pouvez signaler les liens ayant chang\u00e9 d\u2019emplacement, liens \u00ab mort \u00bb ou tout autre cas qui n\u00e9cessiterait une modification de Notre part en Nous \u00e9crivant via Notre formulaire de <strong><a href=\"https:\/\/juls.ch\/en\/contact\">Contact<\/a><\/strong>.<\/p>\n<p>&nbsp;<\/p>\n<p>&nbsp;<\/p>\n<p><strong>8.0 Communications<\/strong><\/p>\n<p>Les membres de\u00a0JULS<span style=\"font-size: small;\"><sup>\u00ae<\/sup><\/span> poss\u00e9dant une adresse de courriel avec Notre nom de domaine ou l\u2019un de Nos noms de domaine synonymes ne sont en aucun cas repr\u00e9sentants l\u00e9gaux de JULS<span style=\"font-size: small;\"><sup>\u00ae<\/sup><\/span>.\u00a0JULS<span style=\"font-size: small;\"><sup>\u00ae<\/sup><\/span> ne pourra en aucun cas \u00eatre tenu pour responsable du comportement ou d\u2019informations erron\u00e9es fournies via l\u2019une ou plusieurs de ses adresses, ainsi qu\u2019en cas d\u2019usurpation de l\u2019un de ses noms de domaine.<br \/>Veuillez Nous signaler tout abus ou \u00e9l\u00e9ment devant \u00eatre port\u00e9 \u00e0 notre attention en Nous \u00e9crivant via Notre formulaire de <strong><a href=\"https:\/\/juls.ch\/en\/contact\">Contact<\/a><\/strong>.<\/p>\n<p>&nbsp;<\/p>\n<p>&nbsp;<\/p>\n<p><strong>9.0 Indemnit\u00e9s<\/strong><\/p>\n<p>Vous acceptez de garantir\u00a0JULS<span style=\"font-size: small;\"><sup>\u00ae<\/sup><\/span> contre toutes les pertes, d\u00e9penses, dommages et co\u00fbts r\u00e9sultant de n\u2019importe qu\u2019elle violation des pr\u00e9sentes Conditions G\u00e9n\u00e9rales et\/ou conduite n\u00e9gligente ou injustifi\u00e9e, par Vous, Votre utilisation et Votre acc\u00e8s aux Sites et\/ou aux Services de JULS<span style=\"font-size: small;\"><sup>\u00ae<\/sup><\/span>.<\/p>\n<p>&nbsp;<\/p>\n<p>&nbsp;<\/p>\n<p><strong>10.0 Loi applicable et conflits<\/strong><\/p>\n<p>En visitant ce Site Vous \u00eates en accord avec les lois suisses y compris les lois internationales sur le droit d\u2019auteur, le for juridique est \u00e0 Gen\u00e8ve, Suisse.<\/p>\n<p>En contestant de quelque fa\u00e7on la relation \u00e0 Votre visite ou acc\u00e8s aux Sites et\/ou aux Services de\u00a0JULS<span style=\"font-size: small;\"><sup>\u00ae<\/sup><\/span> ou en violant ou mena\u00e7ant de violer Nos droits de PI, Nous ferons appel \u00e0 l\u2019arbitrage des Tribunaux suisses et Vous consentez \u00e0 la juridiction exclusive de ces Tribunaux en cas de conflits.<\/p>\n<p>&nbsp;<\/p>\n<p>&nbsp;<\/p>\n<p>[\/et_pb_text][\/et_pb_column][\/et_pb_row][\/et_pb_section]<\/p>\n","protected":false},"excerpt":{"rendered":"<p>TERMS &amp; CONDITIONSLast modification : December 3rd 2022 Thank you for visiting JULS.ch The original version of these Terms and Conditions is only available in French.Any translation is provided solely for Your convenience and information. In case of dispute, only the French version shall prevail. 1.0 D\u00e9finition de termes &amp; informations Ce site web est [&hellip;]<\/p>\n","protected":false},"author":1,"featured_media":0,"parent":0,"menu_order":0,"comment_status":"closed","ping_status":"closed","template":"","meta":{"_et_pb_use_builder":"on","_et_pb_old_content":"","_et_gb_content_width":"","footnotes":""},"class_list":["post-240351","page","type-page","status-publish","hentry"],"_links":{"self":[{"href":"https:\/\/juls.ch\/en\/wp-json\/wp\/v2\/pages\/240351","targetHints":{"allow":["GET"]}}],"collection":[{"href":"https:\/\/juls.ch\/en\/wp-json\/wp\/v2\/pages"}],"about":[{"href":"https:\/\/juls.ch\/en\/wp-json\/wp\/v2\/types\/page"}],"author":[{"embeddable":true,"href":"https:\/\/juls.ch\/en\/wp-json\/wp\/v2\/users\/1"}],"replies":[{"embeddable":true,"href":"https:\/\/juls.ch\/en\/wp-json\/wp\/v2\/comments?post=240351"}],"version-history":[{"count":0,"href":"https:\/\/juls.ch\/en\/wp-json\/wp\/v2\/pages\/240351\/revisions"}],"wp:attachment":[{"href":"https:\/\/juls.ch\/en\/wp-json\/wp\/v2\/media?parent=240351"}],"curies":[{"name":"wp","href":"https:\/\/api.w.org\/{rel}","templated":true}]}}